{"id":2273,"date":"2021-08-30T21:47:58","date_gmt":"2021-08-30T21:47:58","guid":{"rendered":"https:\/\/avin-navigator.ca\/a-propos\/"},"modified":"2025-04-29T17:04:22","modified_gmt":"2025-04-29T17:04:22","slug":"a-propos","status":"publish","type":"page","link":"https:\/\/ovin-navigator.ca\/fr\/a-propos\/","title":{"rendered":"\u00c0 propos"},"content":{"rendered":"\t\t<div data-elementor-type=\"wp-page\" data-elementor-id=\"2273\" class=\"elementor elementor-2273 elementor-785\" data-elementor-post-type=\"page\">\n\t\t\t\t<div class=\"elementor-element elementor-element-eec9d29 e-flex e-con-boxed e-con e-parent\" data-id=\"eec9d29\" data-element_type=\"container\" data-e-type=\"container\" data-settings=\"{&quot;background_background&quot;:&quot;classic&quot;}\">\n\t\t\t\t\t<div class=\"e-con-inner\">\n\t\t<div class=\"elementor-element elementor-element-2bb471e e-con-full e-flex e-con e-child\" data-id=\"2bb471e\" data-element_type=\"container\" data-e-type=\"container\">\n\t\t\t\t<div class=\"elementor-element elementor-element-e3c8464 elementor-widget elementor-widget-text-editor\" data-id=\"e3c8464\" data-element_type=\"widget\" data-e-type=\"widget\" data-widget_type=\"text-editor.default\">\n\t\t\t\t<div class=\"elementor-widget-container\">\n\t\t\t\t\t\t\t\t\t<h1>\u00c0 propos<\/h1>\nLe navigateur de comp\u00e9tences et de carri\u00e8res du RIVO fournit des ressources et des renseignements aux utilisateurs afin qu\u2019ils puissent mieux comprendre le secteur de l\u2019automobile et de la mobilit\u00e9 de l\u2019Ontario, et d\u00e9couvrir les comp\u00e9tences et les parcours professionnels afin de les aider \u00e0 acc\u00e9der aux possibilit\u00e9s offertes dans la province.\t\t\t\t\t\t\t\t<\/div>\n\t\t\t\t<\/div>\n\t\t\t\t<\/div>\n\t\t<div class=\"elementor-element elementor-element-4127072 e-con-full e-flex e-con e-child\" data-id=\"4127072\" data-element_type=\"container\" data-e-type=\"container\">\n\t\t\t\t<div class=\"elementor-element elementor-element-0cfc3f8 elementor-widget elementor-widget-image\" data-id=\"0cfc3f8\" data-element_type=\"widget\" data-e-type=\"widget\" data-widget_type=\"image.default\">\n\t\t\t\t<div class=\"elementor-widget-container\">\n\t\t\t\t\t\t\t\t\t\t\t\t\t\t\t<img fetchpriority=\"high\" decoding=\"async\" width=\"302\" height=\"302\" src=\"https:\/\/ovin-navigator.ca\/wp-content\/uploads\/2025\/01\/hero-sector-overview.svg\" class=\"attachment-large size-large wp-image-34765\" alt=\"\" \/>\t\t\t\t\t\t\t\t\t\t\t\t\t\t\t<\/div>\n\t\t\t\t<\/div>\n\t\t\t\t<\/div>\n\t\t\t\t\t<\/div>\n\t\t\t\t<\/div>\n\t\t<div class=\"elementor-element elementor-element-6aca24b e-flex e-con-boxed elementor-invisible e-con e-parent\" data-id=\"6aca24b\" data-element_type=\"container\" data-e-type=\"container\" data-settings=\"{&quot;animation&quot;:&quot;fadeInUp&quot;,&quot;animation_delay&quot;:150}\">\n\t\t\t\t\t<div class=\"e-con-inner\">\n\t\t<div class=\"elementor-element elementor-element-faa28ca e-con-full e-flex e-con e-child\" data-id=\"faa28ca\" data-element_type=\"container\" data-e-type=\"container\">\n\t\t\t\t<div class=\"elementor-element elementor-element-c5f694a elementor-widget elementor-widget-text-editor\" data-id=\"c5f694a\" data-element_type=\"widget\" data-e-type=\"widget\" data-widget_type=\"text-editor.default\">\n\t\t\t\t<div class=\"elementor-widget-container\">\n\t\t\t\t\t\t\t\t\t<h2>Le secteur de l\u2019automobile et de la mobilit\u00e9 de l\u2019Ontario est \u00e0 la crois\u00e9e des chemins<\/h2>\t\t\t\t\t\t\t\t<\/div>\n\t\t\t\t<\/div>\n\t\t\t\t<div class=\"elementor-element elementor-element-f3e6d39 elementor-widget elementor-widget-text-editor\" data-id=\"f3e6d39\" data-element_type=\"widget\" data-e-type=\"widget\" data-widget_type=\"text-editor.default\">\n\t\t\t\t<div class=\"elementor-widget-container\">\n\t\t\t\t\t\t\t\t\t<p>Les perturbations technologiques repr\u00e9sentent \u00e0 la fois des d\u00e9fis et des occasions pour le secteur de l\u2019automobile et de la mobilit\u00e9. Pour les travailleurs du secteur, les perturbations sont lourdes de cons\u00e9quences. Les comp\u00e9tences requises par les employ\u00e9s de demain seront sensiblement diff\u00e9rentes de celles exig\u00e9es aujourd\u2019hui. Et avec la convergence croissante des technologies, un nouvel espace stimulant a \u00e9t\u00e9 cr\u00e9\u00e9 autour de la mobilit\u00e9 intelligente, lequel n\u00e9cessite un certain nombre de comp\u00e9tences nouvelles et diff\u00e9rentes.<\/p>\t\t\t\t\t\t\t\t<\/div>\n\t\t\t\t<\/div>\n\t\t\t\t<\/div>\n\t\t<div class=\"elementor-element elementor-element-8086676 e-con-full e-flex e-con e-child\" data-id=\"8086676\" data-element_type=\"container\" data-e-type=\"container\">\n\t\t\t\t<div class=\"elementor-element elementor-element-841c37e elementor-widget elementor-widget-image\" data-id=\"841c37e\" data-element_type=\"widget\" data-e-type=\"widget\" data-widget_type=\"image.default\">\n\t\t\t\t<div class=\"elementor-widget-container\">\n\t\t\t\t\t\t\t\t\t\t\t\t\t\t\t<img decoding=\"async\" width=\"640\" height=\"457\" src=\"https:\/\/ovin-navigator.ca\/wp-content\/uploads\/2025\/02\/The-sector-at-crossroads-1536x1097-1-1024x731.jpg\" class=\"attachment-large size-large wp-image-35057\" alt=\"\" srcset=\"https:\/\/ovin-navigator.ca\/wp-content\/uploads\/2025\/02\/The-sector-at-crossroads-1536x1097-1-1024x731.jpg 1024w, https:\/\/ovin-navigator.ca\/wp-content\/uploads\/2025\/02\/The-sector-at-crossroads-1536x1097-1-300x214.jpg 300w, https:\/\/ovin-navigator.ca\/wp-content\/uploads\/2025\/02\/The-sector-at-crossroads-1536x1097-1-768x549.jpg 768w, https:\/\/ovin-navigator.ca\/wp-content\/uploads\/2025\/02\/The-sector-at-crossroads-1536x1097-1.jpg 1536w\" sizes=\"(max-width: 640px) 100vw, 640px\" \/>\t\t\t\t\t\t\t\t\t\t\t\t\t\t\t<\/div>\n\t\t\t\t<\/div>\n\t\t\t\t<\/div>\n\t\t\t\t\t<\/div>\n\t\t\t\t<\/div>\n\t\t<div class=\"elementor-element elementor-element-56dc51a e-flex e-con-boxed elementor-invisible e-con e-parent\" data-id=\"56dc51a\" data-element_type=\"container\" data-e-type=\"container\" data-settings=\"{&quot;animation&quot;:&quot;fadeInUp&quot;,&quot;animation_delay&quot;:150}\">\n\t\t\t\t\t<div class=\"e-con-inner\">\n\t\t<div class=\"elementor-element elementor-element-4b67963 e-con-full e-flex e-con e-child\" data-id=\"4b67963\" data-element_type=\"container\" data-e-type=\"container\">\n\t\t\t\t<div class=\"elementor-element elementor-element-bdf0a74 elementor-widget elementor-widget-image\" data-id=\"bdf0a74\" data-element_type=\"widget\" data-e-type=\"widget\" data-widget_type=\"image.default\">\n\t\t\t\t<div class=\"elementor-widget-container\">\n\t\t\t\t\t\t\t\t\t\t\t\t\t\t\t<img decoding=\"async\" width=\"640\" height=\"427\" src=\"https:\/\/ovin-navigator.ca\/wp-content\/uploads\/2025\/02\/iStock-1282804749-1536x1024-1-1024x683.jpg\" class=\"attachment-large size-large wp-image-35059\" alt=\"\" srcset=\"https:\/\/ovin-navigator.ca\/wp-content\/uploads\/2025\/02\/iStock-1282804749-1536x1024-1-1024x683.jpg 1024w, https:\/\/ovin-navigator.ca\/wp-content\/uploads\/2025\/02\/iStock-1282804749-1536x1024-1-300x200.jpg 300w, https:\/\/ovin-navigator.ca\/wp-content\/uploads\/2025\/02\/iStock-1282804749-1536x1024-1-768x512.jpg 768w, https:\/\/ovin-navigator.ca\/wp-content\/uploads\/2025\/02\/iStock-1282804749-1536x1024-1.jpg 1536w\" sizes=\"(max-width: 640px) 100vw, 640px\" \/>\t\t\t\t\t\t\t\t\t\t\t\t\t\t\t<\/div>\n\t\t\t\t<\/div>\n\t\t\t\t<\/div>\n\t\t<div class=\"elementor-element elementor-element-148cb5c e-con-full e-flex e-con e-child\" data-id=\"148cb5c\" data-element_type=\"container\" data-e-type=\"container\">\n\t\t\t\t<div class=\"elementor-element elementor-element-f9b98ea elementor-widget elementor-widget-text-editor\" data-id=\"f9b98ea\" data-element_type=\"widget\" data-e-type=\"widget\" data-widget_type=\"text-editor.default\">\n\t\t\t\t<div class=\"elementor-widget-container\">\n\t\t\t\t\t\t\t\t\t<h2>\u00c0 propos de cet outil<\/h2>\t\t\t\t\t\t\t\t<\/div>\n\t\t\t\t<\/div>\n\t\t\t\t<div class=\"elementor-element elementor-element-69c57b0 elementor-widget elementor-widget-text-editor\" data-id=\"69c57b0\" data-element_type=\"widget\" data-e-type=\"widget\" data-widget_type=\"text-editor.default\">\n\t\t\t\t<div class=\"elementor-widget-container\">\n\t\t\t\t\t\t\t\t\t<p>Le navigateur de comp\u00e9tences et de carri\u00e8res du RIVO fournit des ressources et des renseignements aux utilisateurs afin qu\u2019ils puissent mieux comprendre le secteur de l\u2019automobile et de la mobilit\u00e9 de l\u2019Ontario, et d\u00e9couvrir les comp\u00e9tences et les parcours professionnels afin de les aider \u00e0 acc\u00e9der aux possibilit\u00e9s offertes dans la province. Cet outil est un \u00e9l\u00e9ment cl\u00e9 de la <a href=\"https:\/\/avin-navigator.ca\/fr\/strategie-et-feuille-de-route-en-matiere-de-talents\/feuille-de-route-en-matiere-de-talents\/\" data-type=\"URL\" data-id=\"https:\/\/avin-navigator.ca\/skills-talent-strategy\/talent-roadmap\/\">strat\u00e9gie et de la feuille de route globales en mati\u00e8re de talents du RIVO<\/a>.<\/p>\t\t\t\t\t\t\t\t<\/div>\n\t\t\t\t<\/div>\n\t\t\t\t<\/div>\n\t\t\t\t\t<\/div>\n\t\t\t\t<\/div>\n\t\t<div class=\"elementor-element elementor-element-e48df19 e-flex e-con-boxed elementor-invisible e-con e-parent\" data-id=\"e48df19\" data-element_type=\"container\" data-e-type=\"container\" data-settings=\"{&quot;animation&quot;:&quot;fadeInUp&quot;,&quot;animation_delay&quot;:150}\">\n\t\t\t\t\t<div class=\"e-con-inner\">\n\t\t<div class=\"elementor-element elementor-element-eaa3829 e-con-full e-flex e-con e-child\" data-id=\"eaa3829\" data-element_type=\"container\" data-e-type=\"container\">\n\t\t\t\t<div class=\"elementor-element elementor-element-d0dab1b elementor-widget elementor-widget-text-editor\" data-id=\"d0dab1b\" data-element_type=\"widget\" data-e-type=\"widget\" data-widget_type=\"text-editor.default\">\n\t\t\t\t<div class=\"elementor-widget-container\">\n\t\t\t\t\t\t\t\t\t<h2>\u00c0 propos du RIVO<\/h2>\t\t\t\t\t\t\t\t<\/div>\n\t\t\t\t<\/div>\n\t\t\t\t<div class=\"elementor-element elementor-element-b01b591 elementor-widget elementor-widget-text-editor\" data-id=\"b01b591\" data-element_type=\"widget\" data-e-type=\"widget\" data-widget_type=\"text-editor.default\">\n\t\t\t\t<div class=\"elementor-widget-container\">\n\t\t\t\t\t\t\t\t\t<p>Le RIVO est l\u2019initiative phare du gouvernement de l\u2019Ontario destin\u00e9e \u00e0 favoriser l\u2019avenir du secteur de l\u2019automobile et de la mobilit\u00e9.\u00a0<\/p><p><strong>Dirig\u00e9 par le CIO, le ROIV est soutenu par le minist\u00e8re du D\u00e9veloppement \u00e9conomique, de la Cr\u00e9ation d\u2019emplois et du Commerce (MDECEC), le minist\u00e8re des Transports (MTO) et le minist\u00e8re du Travail, de la Formation et du D\u00e9veloppement des comp\u00e9tences (MTFDC) de l\u2019Ontario.<\/strong><\/p><p>Au moyen de programmes novateurs, d\u2019outils de soutien commerciaux et techniques, et de sites d\u2019essai et de d\u00e9monstration, l\u2019initiative RIVO chapeaute la commercialisation de technologies avanc\u00e9es et d\u00e9veloppe la capacit\u00e9 d\u2019un r\u00e9seau provincial \u00e0 mettre en place des solutions de mobilit\u00e9 pour l\u2019avenir.<\/p>\t\t\t\t\t\t\t\t<\/div>\n\t\t\t\t<\/div>\n\t\t\t\t<\/div>\n\t\t<div class=\"elementor-element elementor-element-6b36381 e-con-full e-flex e-con e-child\" data-id=\"6b36381\" data-element_type=\"container\" data-e-type=\"container\">\n\t\t\t\t<div class=\"elementor-element elementor-element-13103f9 elementor-widget elementor-widget-image\" data-id=\"13103f9\" data-element_type=\"widget\" data-e-type=\"widget\" data-widget_type=\"image.default\">\n\t\t\t\t<div class=\"elementor-widget-container\">\n\t\t\t\t\t\t\t\t\t\t\t\t\t\t\t<img loading=\"lazy\" decoding=\"async\" width=\"640\" height=\"87\" src=\"https:\/\/ovin-navigator.ca\/wp-content\/uploads\/2025\/02\/OVIN-Eng-Colour.png\" class=\"attachment-large size-large wp-image-35061\" alt=\"\" srcset=\"https:\/\/ovin-navigator.ca\/wp-content\/uploads\/2025\/02\/OVIN-Eng-Colour.png 1024w, https:\/\/ovin-navigator.ca\/wp-content\/uploads\/2025\/02\/OVIN-Eng-Colour-300x41.png 300w, https:\/\/ovin-navigator.ca\/wp-content\/uploads\/2025\/02\/OVIN-Eng-Colour-768x104.png 768w\" sizes=\"(max-width: 640px) 100vw, 640px\" \/>\t\t\t\t\t\t\t\t\t\t\t\t\t\t\t<\/div>\n\t\t\t\t<\/div>\n\t\t\t\t<\/div>\n\t\t\t\t\t<\/div>\n\t\t\t\t<\/div>\n\t\t<div class=\"elementor-element elementor-element-ddb514f e-flex e-con-boxed elementor-invisible e-con e-parent\" data-id=\"ddb514f\" data-element_type=\"container\" data-e-type=\"container\" data-settings=\"{&quot;animation&quot;:&quot;fadeInUp&quot;,&quot;animation_delay&quot;:150}\">\n\t\t\t\t\t<div class=\"e-con-inner\">\n\t\t\t\t<div class=\"elementor-element elementor-element-7d69a82 elementor-widget elementor-widget-text-editor\" data-id=\"7d69a82\" data-element_type=\"widget\" data-e-type=\"widget\" data-widget_type=\"text-editor.default\">\n\t\t\t\t<div class=\"elementor-widget-container\">\n\t\t\t\t\t\t\t\t\t<h2 class=\"has-text-align-center\" style=\"text-align: center;\">Vous voulez en savoir plus sur le RIVO?<\/h2>\n<p style=\"text-align: center;\">Consultez RIVO<\/p>\t\t\t\t\t\t\t\t<\/div>\n\t\t\t\t<\/div>\n\t\t\t\t<div class=\"elementor-element elementor-element-38c2b04 elementor-align-center ovinbtn primary btn-young elementor-widget elementor-widget-button\" data-id=\"38c2b04\" data-element_type=\"widget\" data-e-type=\"widget\" data-settings=\"{&quot;_animation&quot;:&quot;none&quot;}\" data-widget_type=\"button.default\">\n\t\t\t\t<div class=\"elementor-widget-container\">\n\t\t\t\t\t\t\t\t\t<div class=\"elementor-button-wrapper\">\n\t\t\t\t\t<a class=\"elementor-button elementor-button-link elementor-size-sm\" href=\"https:\/\/www.ovinhub.ca\/fr\/\">\n\t\t\t\t\t\t<span class=\"elementor-button-content-wrapper\">\n\t\t\t\t\t\t\t\t\t<span class=\"elementor-button-text\">Explorer<\/span>\n\t\t\t\t\t<\/span>\n\t\t\t\t\t<\/a>\n\t\t\t\t<\/div>\n\t\t\t\t\t\t\t\t<\/div>\n\t\t\t\t<\/div>\n\t\t\t\t\t<\/div>\n\t\t\t\t<\/div>\n\t\t\t\t<\/div>\n\t\t","protected":false},"excerpt":{"rendered":"<p>\u00c0 propos Le navigateur de comp\u00e9tences et de carri\u00e8res du RIVO fournit des ressources et des renseignements aux utilisateurs afin qu\u2019ils puissent mieux comprendre le secteur de l\u2019automobile et de la mobilit\u00e9 de l\u2019Ontario, et d\u00e9couvrir les comp\u00e9tences et les parcours professionnels afin de les aider \u00e0 acc\u00e9der aux possibilit\u00e9s offertes dans la province. Le [&hellip;]<\/p>\n","protected":false},"author":26,"featured_media":0,"parent":0,"menu_order":0,"comment_status":"closed","ping_status":"closed","template":"","meta":{"_acf_changed":false,"footnotes":""},"class_list":["post-2273","page","type-page","status-publish","hentry"],"acf":[],"yoast_head":"<!-- This site is optimized with the Yoast SEO plugin v27.6 - https:\/\/yoast.com\/product\/yoast-seo-wordpress\/ -->\n<title>\u00c0 propos - OVIN&#039;s Skills &amp; Career Navigator<\/title>\n<meta name=\"robots\" content=\"index, follow, max-snippet:-1, max-image-preview:large, max-video-preview:-1\" \/>\n<link rel=\"canonical\" href=\"https:\/\/ovin-navigator.ca\/fr\/a-propos\/\" \/>\n<meta property=\"og:locale\" content=\"fr_FR\" \/>\n<meta property=\"og:type\" content=\"article\" \/>\n<meta property=\"og:title\" content=\"\u00c0 propos - OVIN&#039;s Skills &amp; Career Navigator\" \/>\n<meta property=\"og:description\" content=\"\u00c0 propos Le navigateur de comp\u00e9tences et de carri\u00e8res du RIVO fournit des ressources et des renseignements aux utilisateurs afin qu\u2019ils puissent mieux comprendre le secteur de l\u2019automobile et de la mobilit\u00e9 de l\u2019Ontario, et d\u00e9couvrir les comp\u00e9tences et les parcours professionnels afin de les aider \u00e0 acc\u00e9der aux possibilit\u00e9s offertes dans la province. Le [&hellip;]\" \/>\n<meta property=\"og:url\" content=\"https:\/\/ovin-navigator.ca\/fr\/a-propos\/\" \/>\n<meta property=\"og:site_name\" content=\"OVIN&#039;s Skills &amp; Career Navigator\" \/>\n<meta property=\"article:modified_time\" content=\"2025-04-29T17:04:22+00:00\" \/>\n<meta name=\"twitter:card\" content=\"summary_large_image\" \/>\n<meta name=\"twitter:label1\" content=\"Dur\u00e9e de lecture estim\u00e9e\" \/>\n\t<meta name=\"twitter:data1\" content=\"3 minutes\" \/>\n<script type=\"application\/ld+json\" class=\"yoast-schema-graph\">{\"@context\":\"https:\\\/\\\/schema.org\",\"@graph\":[{\"@type\":\"WebPage\",\"@id\":\"https:\\\/\\\/ovin-navigator.ca\\\/fr\\\/a-propos\\\/\",\"url\":\"https:\\\/\\\/ovin-navigator.ca\\\/fr\\\/a-propos\\\/\",\"name\":\"\u00c0 propos - OVIN&#039;s Skills &amp; Career Navigator\",\"isPartOf\":{\"@id\":\"https:\\\/\\\/ovin-navigator.ca\\\/#website\"},\"primaryImageOfPage\":{\"@id\":\"https:\\\/\\\/ovin-navigator.ca\\\/fr\\\/a-propos\\\/#primaryimage\"},\"image\":{\"@id\":\"https:\\\/\\\/ovin-navigator.ca\\\/fr\\\/a-propos\\\/#primaryimage\"},\"thumbnailUrl\":\"https:\\\/\\\/ovin-navigator.ca\\\/wp-content\\\/uploads\\\/2025\\\/01\\\/hero-sector-overview.svg\",\"datePublished\":\"2021-08-30T21:47:58+00:00\",\"dateModified\":\"2025-04-29T17:04:22+00:00\",\"breadcrumb\":{\"@id\":\"https:\\\/\\\/ovin-navigator.ca\\\/fr\\\/a-propos\\\/#breadcrumb\"},\"inLanguage\":\"fr-FR\",\"potentialAction\":[{\"@type\":\"ReadAction\",\"target\":[\"https:\\\/\\\/ovin-navigator.ca\\\/fr\\\/a-propos\\\/\"]}]},{\"@type\":\"ImageObject\",\"inLanguage\":\"fr-FR\",\"@id\":\"https:\\\/\\\/ovin-navigator.ca\\\/fr\\\/a-propos\\\/#primaryimage\",\"url\":\"https:\\\/\\\/ovin-navigator.ca\\\/wp-content\\\/uploads\\\/2025\\\/01\\\/hero-sector-overview.svg\",\"contentUrl\":\"https:\\\/\\\/ovin-navigator.ca\\\/wp-content\\\/uploads\\\/2025\\\/01\\\/hero-sector-overview.svg\"},{\"@type\":\"BreadcrumbList\",\"@id\":\"https:\\\/\\\/ovin-navigator.ca\\\/fr\\\/a-propos\\\/#breadcrumb\",\"itemListElement\":[{\"@type\":\"ListItem\",\"position\":1,\"name\":\"Home\",\"item\":\"https:\\\/\\\/ovin-navigator.ca\\\/fr\\\/\"},{\"@type\":\"ListItem\",\"position\":2,\"name\":\"\u00c0 propos\"}]},{\"@type\":\"WebSite\",\"@id\":\"https:\\\/\\\/ovin-navigator.ca\\\/#website\",\"url\":\"https:\\\/\\\/ovin-navigator.ca\\\/\",\"name\":\"OVIN&#039;s Skills &amp; Career Navigator\",\"description\":\"Your all-encompassing tool to navigate Ontario&#039;s automotive and mobility sector\",\"potentialAction\":[{\"@type\":\"SearchAction\",\"target\":{\"@type\":\"EntryPoint\",\"urlTemplate\":\"https:\\\/\\\/ovin-navigator.ca\\\/?s={search_term_string}\"},\"query-input\":{\"@type\":\"PropertyValueSpecification\",\"valueRequired\":true,\"valueName\":\"search_term_string\"}}],\"inLanguage\":\"fr-FR\"}]}<\/script>\n<!-- \/ Yoast SEO plugin. -->","yoast_head_json":{"title":"\u00c0 propos - OVIN&#039;s Skills &amp; Career Navigator","robots":{"index":"index","follow":"follow","max-snippet":"max-snippet:-1","max-image-preview":"max-image-preview:large","max-video-preview":"max-video-preview:-1"},"canonical":"https:\/\/ovin-navigator.ca\/fr\/a-propos\/","og_locale":"fr_FR","og_type":"article","og_title":"\u00c0 propos - OVIN&#039;s Skills &amp; Career Navigator","og_description":"\u00c0 propos Le navigateur de comp\u00e9tences et de carri\u00e8res du RIVO fournit des ressources et des renseignements aux utilisateurs afin qu\u2019ils puissent mieux comprendre le secteur de l\u2019automobile et de la mobilit\u00e9 de l\u2019Ontario, et d\u00e9couvrir les comp\u00e9tences et les parcours professionnels afin de les aider \u00e0 acc\u00e9der aux possibilit\u00e9s offertes dans la province. Le [&hellip;]","og_url":"https:\/\/ovin-navigator.ca\/fr\/a-propos\/","og_site_name":"OVIN&#039;s Skills &amp; Career Navigator","article_modified_time":"2025-04-29T17:04:22+00:00","twitter_card":"summary_large_image","twitter_misc":{"Dur\u00e9e de lecture estim\u00e9e":"3 minutes"},"schema":{"@context":"https:\/\/schema.org","@graph":[{"@type":"WebPage","@id":"https:\/\/ovin-navigator.ca\/fr\/a-propos\/","url":"https:\/\/ovin-navigator.ca\/fr\/a-propos\/","name":"\u00c0 propos - OVIN&#039;s Skills &amp; Career Navigator","isPartOf":{"@id":"https:\/\/ovin-navigator.ca\/#website"},"primaryImageOfPage":{"@id":"https:\/\/ovin-navigator.ca\/fr\/a-propos\/#primaryimage"},"image":{"@id":"https:\/\/ovin-navigator.ca\/fr\/a-propos\/#primaryimage"},"thumbnailUrl":"https:\/\/ovin-navigator.ca\/wp-content\/uploads\/2025\/01\/hero-sector-overview.svg","datePublished":"2021-08-30T21:47:58+00:00","dateModified":"2025-04-29T17:04:22+00:00","breadcrumb":{"@id":"https:\/\/ovin-navigator.ca\/fr\/a-propos\/#breadcrumb"},"inLanguage":"fr-FR","potentialAction":[{"@type":"ReadAction","target":["https:\/\/ovin-navigator.ca\/fr\/a-propos\/"]}]},{"@type":"ImageObject","inLanguage":"fr-FR","@id":"https:\/\/ovin-navigator.ca\/fr\/a-propos\/#primaryimage","url":"https:\/\/ovin-navigator.ca\/wp-content\/uploads\/2025\/01\/hero-sector-overview.svg","contentUrl":"https:\/\/ovin-navigator.ca\/wp-content\/uploads\/2025\/01\/hero-sector-overview.svg"},{"@type":"BreadcrumbList","@id":"https:\/\/ovin-navigator.ca\/fr\/a-propos\/#breadcrumb","itemListElement":[{"@type":"ListItem","position":1,"name":"Home","item":"https:\/\/ovin-navigator.ca\/fr\/"},{"@type":"ListItem","position":2,"name":"\u00c0 propos"}]},{"@type":"WebSite","@id":"https:\/\/ovin-navigator.ca\/#website","url":"https:\/\/ovin-navigator.ca\/","name":"OVIN&#039;s Skills &amp; Career Navigator","description":"Your all-encompassing tool to navigate Ontario&#039;s automotive and mobility sector","potentialAction":[{"@type":"SearchAction","target":{"@type":"EntryPoint","urlTemplate":"https:\/\/ovin-navigator.ca\/?s={search_term_string}"},"query-input":{"@type":"PropertyValueSpecification","valueRequired":true,"valueName":"search_term_string"}}],"inLanguage":"fr-FR"}]}},"_links":{"self":[{"href":"https:\/\/ovin-navigator.ca\/fr\/wp-json\/wp\/v2\/pages\/2273","targetHints":{"allow":["GET"]}}],"collection":[{"href":"https:\/\/ovin-navigator.ca\/fr\/wp-json\/wp\/v2\/pages"}],"about":[{"href":"https:\/\/ovin-navigator.ca\/fr\/wp-json\/wp\/v2\/types\/page"}],"author":[{"embeddable":true,"href":"https:\/\/ovin-navigator.ca\/fr\/wp-json\/wp\/v2\/users\/26"}],"replies":[{"embeddable":true,"href":"https:\/\/ovin-navigator.ca\/fr\/wp-json\/wp\/v2\/comments?post=2273"}],"version-history":[{"count":0,"href":"https:\/\/ovin-navigator.ca\/fr\/wp-json\/wp\/v2\/pages\/2273\/revisions"}],"wp:attachment":[{"href":"https:\/\/ovin-navigator.ca\/fr\/wp-json\/wp\/v2\/media?parent=2273"}],"curies":[{"name":"wp","href":"https:\/\/api.w.org\/{rel}","templated":true}]}}