{"id":36606,"date":"2025-04-29T15:03:52","date_gmt":"2025-04-29T15:03:52","guid":{"rendered":"https:\/\/ovinnavigatstg.wpenginepowered.com\/?page_id=36606"},"modified":"2025-04-30T15:54:49","modified_gmt":"2025-04-30T15:54:49","slug":"apercu-du-marche-du-travail","status":"publish","type":"page","link":"https:\/\/ovin-navigator.ca\/fr\/apercu-du-marche-du-travail\/","title":{"rendered":"Aper\u00e7u du march\u00e9 du travail"},"content":{"rendered":"\t\t<div data-elementor-type=\"wp-page\" data-elementor-id=\"36606\" class=\"elementor elementor-36606\" data-elementor-post-type=\"page\">\n\t\t\t\t<div class=\"elementor-element elementor-element-0f9eeff e-flex e-con-boxed e-con e-parent\" data-id=\"0f9eeff\" data-element_type=\"container\" data-e-type=\"container\" data-settings=\"{&quot;background_background&quot;:&quot;classic&quot;}\">\n\t\t\t\t\t<div class=\"e-con-inner\">\n\t\t<div class=\"elementor-element elementor-element-f3a30d8 e-con-full e-flex e-con e-child\" data-id=\"f3a30d8\" data-element_type=\"container\" data-e-type=\"container\">\n\t\t\t\t<div class=\"elementor-element elementor-element-cfb6226 elementor-widget elementor-widget-text-editor\" data-id=\"cfb6226\" data-element_type=\"widget\" data-e-type=\"widget\" data-widget_type=\"text-editor.default\">\n\t\t\t\t<div class=\"elementor-widget-container\">\n\t\t\t\t\t\t\t\t\t<h2>Aper\u00e7u du march\u00e9 du travail<\/h2><p>L\u2019Ontario est l\u2019un des chefs de file mondiaux de la fabrication automobile et de la mobilit\u00e9 intelligente. Notre province accueille les plus grands constructeurs automobiles du monde, et est le deuxi\u00e8me secteur de TI le plus important en Am\u00e9rique du Nord.\u00a0<\/p>\t\t\t\t\t\t\t\t<\/div>\n\t\t\t\t<\/div>\n\t\t\t\t<\/div>\n\t\t\t\t<div class=\"elementor-element elementor-element-4d509ee elementor-widget elementor-widget-image\" data-id=\"4d509ee\" data-element_type=\"widget\" data-e-type=\"widget\" data-widget_type=\"image.default\">\n\t\t\t\t<div class=\"elementor-widget-container\">\n\t\t\t\t\t\t\t\t\t\t\t\t\t\t\t<img fetchpriority=\"high\" decoding=\"async\" width=\"317\" height=\"312\" src=\"https:\/\/ovin-navigator.ca\/wp-content\/uploads\/2025\/02\/hero-ontarios-ecosystem.svg\" class=\"attachment-large size-large wp-image-34957\" alt=\"\" \/>\t\t\t\t\t\t\t\t\t\t\t\t\t\t\t<\/div>\n\t\t\t\t<\/div>\n\t\t\t\t\t<\/div>\n\t\t\t\t<\/div>\n\t\t<div class=\"elementor-element elementor-element-5d40eb7 e-flex e-con-boxed e-con e-parent\" data-id=\"5d40eb7\" data-element_type=\"container\" data-e-type=\"container\">\n\t\t\t\t\t<div class=\"e-con-inner\">\n\t\t\t\t<div class=\"elementor-element elementor-element-97577cc elementor-widget elementor-widget-text-editor\" data-id=\"97577cc\" data-element_type=\"widget\" data-e-type=\"widget\" data-widget_type=\"text-editor.default\">\n\t\t\t\t<div class=\"elementor-widget-container\">\n\t\t\t\t\t\t\t\t\t<p>Alors que le Canada et le monde entier font la transition vers une \u00e9conomie \u00e0 faibles \u00e9missions de carbone, l\u2019Ontario se pr\u00e9pare \u00e0 r\u00e9pondre \u00e0 la demande croissante de v\u00e9hicules \u00e9lectriques, de v\u00e9hicules autonomes et de fabrication de pointe. Cette page vous aidera \u00e0 comprendre les comp\u00e9tences que vous poss\u00e9dez ou que vous envisagez de d\u00e9velopper et qui seront les plus recherch\u00e9es dans le secteur.<\/p>\t\t\t\t\t\t\t\t<\/div>\n\t\t\t\t<\/div>\n\t\t\t\t\t<\/div>\n\t\t\t\t<\/div>\n\t\t<div class=\"elementor-element elementor-element-bcec48d e-flex e-con-boxed e-con e-parent\" data-id=\"bcec48d\" data-element_type=\"container\" data-e-type=\"container\">\n\t\t\t\t\t<div class=\"e-con-inner\">\n\t\t\t\t<div class=\"elementor-element elementor-element-e56e5e0 elementor-widget elementor-widget-text-editor\" data-id=\"e56e5e0\" data-element_type=\"widget\" data-e-type=\"widget\" data-widget_type=\"text-editor.default\">\n\t\t\t\t<div class=\"elementor-widget-container\">\n\t\t\t\t\t\t\t\t\t<h3>Comment pr\u00e9parer un avenir dans le secteur ?<\/h3><p class=\"small_paragraph\">Les employeurs du secteur de l&rsquo;automobile et de la mobilit\u00e9 sont toujours \u00e0 la recherche de nouveaux talents. Toutes sortes de personnes et de comp\u00e9tences sont requises dans le secteur, des ing\u00e9nieurs aux commerciaux en passant par les artisans. Il existe actuellement une plus grande demande pour certains types d&#8217;emplois dans certains domaines, ce qui pr\u00e9sente une opportunit\u00e9 pour ceux qui souhaitent travailler dans le secteur.<\/p>\t\t\t\t\t\t\t\t<\/div>\n\t\t\t\t<\/div>\n\t\t\t\t\t<\/div>\n\t\t\t\t<\/div>\n\t\t<div class=\"elementor-element elementor-element-282b3b7 e-flex e-con-boxed e-con e-parent\" data-id=\"282b3b7\" data-element_type=\"container\" data-e-type=\"container\">\n\t\t\t\t\t<div class=\"e-con-inner\">\n\t\t\t\t<div class=\"elementor-element elementor-element-a7f02b1 elementor-widget elementor-widget-html\" data-id=\"a7f02b1\" data-element_type=\"widget\" data-e-type=\"widget\" data-widget_type=\"html.default\">\n\t\t\t\t<div class=\"elementor-widget-container\">\n\t\t\t\t\t<div class=\"tableau-embed-wrapper\" style=\"position: relative; width: 100%; max-width: 1200px; height: 1532px; overflow: hidden; margin: 0 auto; padding: 0;\">\r\n  <iframe \r\n    src=\"https:\/\/public.tableau.com\/views\/DynamicInfographicforOVIN2\/InfographicforOVIN?:embed=y&amp;:showVizHome=no&amp;:host_url=https%3A%2F%2Fpublic.tableau.com%2F&amp;:embed_code_version=3&amp;:tabs=no&amp;:toolbar=yes&amp;:animate_transition=yes&amp;:display_static_image=no&amp;:display_spinner=no&amp;:display_overlay=yes&amp;:display_count=no&amp;:language=en-US\"\r\n    style=\"width: 100%; height: 1532px; border: none; margin: 0; padding: 0; display: block;\"\r\n    frameborder=\"0\"\r\n    allowfullscreen\r\n    title=\"Infographic for OVIN\">\r\n  <\/iframe>\r\n<\/div>\r\n\t\t\t\t<\/div>\n\t\t\t\t<\/div>\n\t\t\t\t\t<\/div>\n\t\t\t\t<\/div>\n\t\t\t\t<\/div>\n\t\t","protected":false},"excerpt":{"rendered":"<p>Aper\u00e7u du march\u00e9 du travail L\u2019Ontario est l\u2019un des chefs de file mondiaux de la fabrication automobile et de la mobilit\u00e9 intelligente. Notre province accueille les plus grands constructeurs automobiles du monde, et est le deuxi\u00e8me secteur de TI le plus important en Am\u00e9rique du Nord.\u00a0 Alors que le Canada et le monde entier font [&hellip;]<\/p>\n","protected":false},"author":28,"featured_media":0,"parent":0,"menu_order":0,"comment_status":"closed","ping_status":"closed","template":"","meta":{"_acf_changed":false,"footnotes":""},"class_list":["post-36606","page","type-page","status-publish","hentry"],"acf":[],"yoast_head":"<!-- This site is optimized with the Yoast SEO plugin v27.6 - https:\/\/yoast.com\/product\/yoast-seo-wordpress\/ -->\n<title>Aper\u00e7u du march\u00e9 du travail - OVIN&#039;s Skills &amp; Career Navigator<\/title>\n<meta name=\"robots\" content=\"index, follow, max-snippet:-1, max-image-preview:large, max-video-preview:-1\" \/>\n<link rel=\"canonical\" href=\"https:\/\/ovin-navigator.ca\/fr\/apercu-du-marche-du-travail\/\" \/>\n<meta property=\"og:locale\" content=\"fr_FR\" \/>\n<meta property=\"og:type\" content=\"article\" \/>\n<meta property=\"og:title\" content=\"Aper\u00e7u du march\u00e9 du travail - OVIN&#039;s Skills &amp; Career Navigator\" \/>\n<meta property=\"og:description\" content=\"Aper\u00e7u du march\u00e9 du travail L\u2019Ontario est l\u2019un des chefs de file mondiaux de la fabrication automobile et de la mobilit\u00e9 intelligente. Notre province accueille les plus grands constructeurs automobiles du monde, et est le deuxi\u00e8me secteur de TI le plus important en Am\u00e9rique du Nord.\u00a0 Alors que le Canada et le monde entier font [&hellip;]\" \/>\n<meta property=\"og:url\" content=\"https:\/\/ovin-navigator.ca\/fr\/apercu-du-marche-du-travail\/\" \/>\n<meta property=\"og:site_name\" content=\"OVIN&#039;s Skills &amp; Career Navigator\" \/>\n<meta property=\"article:modified_time\" content=\"2025-04-30T15:54:49+00:00\" \/>\n<meta name=\"twitter:card\" content=\"summary_large_image\" \/>\n<meta name=\"twitter:label1\" content=\"Dur\u00e9e de lecture estim\u00e9e\" \/>\n\t<meta name=\"twitter:data1\" content=\"2 minutes\" \/>\n<script type=\"application\/ld+json\" class=\"yoast-schema-graph\">{\"@context\":\"https:\\\/\\\/schema.org\",\"@graph\":[{\"@type\":\"WebPage\",\"@id\":\"https:\\\/\\\/ovin-navigator.ca\\\/fr\\\/apercu-du-marche-du-travail\\\/\",\"url\":\"https:\\\/\\\/ovin-navigator.ca\\\/fr\\\/apercu-du-marche-du-travail\\\/\",\"name\":\"Aper\u00e7u du march\u00e9 du travail - OVIN&#039;s Skills &amp; Career Navigator\",\"isPartOf\":{\"@id\":\"https:\\\/\\\/ovin-navigator.ca\\\/#website\"},\"primaryImageOfPage\":{\"@id\":\"https:\\\/\\\/ovin-navigator.ca\\\/fr\\\/apercu-du-marche-du-travail\\\/#primaryimage\"},\"image\":{\"@id\":\"https:\\\/\\\/ovin-navigator.ca\\\/fr\\\/apercu-du-marche-du-travail\\\/#primaryimage\"},\"thumbnailUrl\":\"https:\\\/\\\/ovin-navigator.ca\\\/wp-content\\\/uploads\\\/2025\\\/02\\\/hero-ontarios-ecosystem.svg\",\"datePublished\":\"2025-04-29T15:03:52+00:00\",\"dateModified\":\"2025-04-30T15:54:49+00:00\",\"breadcrumb\":{\"@id\":\"https:\\\/\\\/ovin-navigator.ca\\\/fr\\\/apercu-du-marche-du-travail\\\/#breadcrumb\"},\"inLanguage\":\"fr-FR\",\"potentialAction\":[{\"@type\":\"ReadAction\",\"target\":[\"https:\\\/\\\/ovin-navigator.ca\\\/fr\\\/apercu-du-marche-du-travail\\\/\"]}]},{\"@type\":\"ImageObject\",\"inLanguage\":\"fr-FR\",\"@id\":\"https:\\\/\\\/ovin-navigator.ca\\\/fr\\\/apercu-du-marche-du-travail\\\/#primaryimage\",\"url\":\"https:\\\/\\\/ovin-navigator.ca\\\/wp-content\\\/uploads\\\/2025\\\/02\\\/hero-ontarios-ecosystem.svg\",\"contentUrl\":\"https:\\\/\\\/ovin-navigator.ca\\\/wp-content\\\/uploads\\\/2025\\\/02\\\/hero-ontarios-ecosystem.svg\"},{\"@type\":\"BreadcrumbList\",\"@id\":\"https:\\\/\\\/ovin-navigator.ca\\\/fr\\\/apercu-du-marche-du-travail\\\/#breadcrumb\",\"itemListElement\":[{\"@type\":\"ListItem\",\"position\":1,\"name\":\"Home\",\"item\":\"https:\\\/\\\/ovin-navigator.ca\\\/fr\\\/\"},{\"@type\":\"ListItem\",\"position\":2,\"name\":\"Aper\u00e7u du march\u00e9 du travail\"}]},{\"@type\":\"WebSite\",\"@id\":\"https:\\\/\\\/ovin-navigator.ca\\\/#website\",\"url\":\"https:\\\/\\\/ovin-navigator.ca\\\/\",\"name\":\"OVIN&#039;s Skills &amp; Career Navigator\",\"description\":\"Your all-encompassing tool to navigate Ontario&#039;s automotive and mobility sector\",\"potentialAction\":[{\"@type\":\"SearchAction\",\"target\":{\"@type\":\"EntryPoint\",\"urlTemplate\":\"https:\\\/\\\/ovin-navigator.ca\\\/?s={search_term_string}\"},\"query-input\":{\"@type\":\"PropertyValueSpecification\",\"valueRequired\":true,\"valueName\":\"search_term_string\"}}],\"inLanguage\":\"fr-FR\"}]}<\/script>\n<!-- \/ Yoast SEO plugin. -->","yoast_head_json":{"title":"Aper\u00e7u du march\u00e9 du travail - OVIN&#039;s Skills &amp; Career Navigator","robots":{"index":"index","follow":"follow","max-snippet":"max-snippet:-1","max-image-preview":"max-image-preview:large","max-video-preview":"max-video-preview:-1"},"canonical":"https:\/\/ovin-navigator.ca\/fr\/apercu-du-marche-du-travail\/","og_locale":"fr_FR","og_type":"article","og_title":"Aper\u00e7u du march\u00e9 du travail - OVIN&#039;s Skills &amp; Career Navigator","og_description":"Aper\u00e7u du march\u00e9 du travail L\u2019Ontario est l\u2019un des chefs de file mondiaux de la fabrication automobile et de la mobilit\u00e9 intelligente. Notre province accueille les plus grands constructeurs automobiles du monde, et est le deuxi\u00e8me secteur de TI le plus important en Am\u00e9rique du Nord.\u00a0 Alors que le Canada et le monde entier font [&hellip;]","og_url":"https:\/\/ovin-navigator.ca\/fr\/apercu-du-marche-du-travail\/","og_site_name":"OVIN&#039;s Skills &amp; Career Navigator","article_modified_time":"2025-04-30T15:54:49+00:00","twitter_card":"summary_large_image","twitter_misc":{"Dur\u00e9e de lecture estim\u00e9e":"2 minutes"},"schema":{"@context":"https:\/\/schema.org","@graph":[{"@type":"WebPage","@id":"https:\/\/ovin-navigator.ca\/fr\/apercu-du-marche-du-travail\/","url":"https:\/\/ovin-navigator.ca\/fr\/apercu-du-marche-du-travail\/","name":"Aper\u00e7u du march\u00e9 du travail - OVIN&#039;s Skills &amp; Career Navigator","isPartOf":{"@id":"https:\/\/ovin-navigator.ca\/#website"},"primaryImageOfPage":{"@id":"https:\/\/ovin-navigator.ca\/fr\/apercu-du-marche-du-travail\/#primaryimage"},"image":{"@id":"https:\/\/ovin-navigator.ca\/fr\/apercu-du-marche-du-travail\/#primaryimage"},"thumbnailUrl":"https:\/\/ovin-navigator.ca\/wp-content\/uploads\/2025\/02\/hero-ontarios-ecosystem.svg","datePublished":"2025-04-29T15:03:52+00:00","dateModified":"2025-04-30T15:54:49+00:00","breadcrumb":{"@id":"https:\/\/ovin-navigator.ca\/fr\/apercu-du-marche-du-travail\/#breadcrumb"},"inLanguage":"fr-FR","potentialAction":[{"@type":"ReadAction","target":["https:\/\/ovin-navigator.ca\/fr\/apercu-du-marche-du-travail\/"]}]},{"@type":"ImageObject","inLanguage":"fr-FR","@id":"https:\/\/ovin-navigator.ca\/fr\/apercu-du-marche-du-travail\/#primaryimage","url":"https:\/\/ovin-navigator.ca\/wp-content\/uploads\/2025\/02\/hero-ontarios-ecosystem.svg","contentUrl":"https:\/\/ovin-navigator.ca\/wp-content\/uploads\/2025\/02\/hero-ontarios-ecosystem.svg"},{"@type":"BreadcrumbList","@id":"https:\/\/ovin-navigator.ca\/fr\/apercu-du-marche-du-travail\/#breadcrumb","itemListElement":[{"@type":"ListItem","position":1,"name":"Home","item":"https:\/\/ovin-navigator.ca\/fr\/"},{"@type":"ListItem","position":2,"name":"Aper\u00e7u du march\u00e9 du travail"}]},{"@type":"WebSite","@id":"https:\/\/ovin-navigator.ca\/#website","url":"https:\/\/ovin-navigator.ca\/","name":"OVIN&#039;s Skills &amp; Career Navigator","description":"Your all-encompassing tool to navigate Ontario&#039;s automotive and mobility sector","potentialAction":[{"@type":"SearchAction","target":{"@type":"EntryPoint","urlTemplate":"https:\/\/ovin-navigator.ca\/?s={search_term_string}"},"query-input":{"@type":"PropertyValueSpecification","valueRequired":true,"valueName":"search_term_string"}}],"inLanguage":"fr-FR"}]}},"_links":{"self":[{"href":"https:\/\/ovin-navigator.ca\/fr\/wp-json\/wp\/v2\/pages\/36606","targetHints":{"allow":["GET"]}}],"collection":[{"href":"https:\/\/ovin-navigator.ca\/fr\/wp-json\/wp\/v2\/pages"}],"about":[{"href":"https:\/\/ovin-navigator.ca\/fr\/wp-json\/wp\/v2\/types\/page"}],"author":[{"embeddable":true,"href":"https:\/\/ovin-navigator.ca\/fr\/wp-json\/wp\/v2\/users\/28"}],"replies":[{"embeddable":true,"href":"https:\/\/ovin-navigator.ca\/fr\/wp-json\/wp\/v2\/comments?post=36606"}],"version-history":[{"count":0,"href":"https:\/\/ovin-navigator.ca\/fr\/wp-json\/wp\/v2\/pages\/36606\/revisions"}],"wp:attachment":[{"href":"https:\/\/ovin-navigator.ca\/fr\/wp-json\/wp\/v2\/media?parent=36606"}],"curies":[{"name":"wp","href":"https:\/\/api.w.org\/{rel}","templated":true}]}}